{"id":44,"date":"2026-01-25T22:05:46","date_gmt":"2026-01-25T22:05:46","guid":{"rendered":"https:\/\/www.montrealtuina.ca\/?page_id=44"},"modified":"2026-03-29T21:51:09","modified_gmt":"2026-03-29T21:51:09","slug":"accueil","status":"publish","type":"page","link":"https:\/\/www.montrealtuina.ca\/en\/","title":{"rendered":"Home"},"content":{"rendered":"<div data-elementor-type=\"wp-page\" data-elementor-id=\"44\" class=\"elementor elementor-44\" data-elementor-post-type=\"page\">\n\t\t\t\t<div class=\"elementor-element elementor-element-176429e e-con-full e-flex e-con e-parent\" data-id=\"176429e\" data-element_type=\"container\" data-settings=\"{&quot;background_background&quot;:&quot;classic&quot;,&quot;background_motion_fx_motion_fx_scrolling&quot;:&quot;yes&quot;,&quot;background_motion_fx_translateY_effect&quot;:&quot;yes&quot;,&quot;background_motion_fx_translateY_speed&quot;:{&quot;unit&quot;:&quot;px&quot;,&quot;size&quot;:4,&quot;sizes&quot;:[]},&quot;background_motion_fx_translateY_affectedRange&quot;:{&quot;unit&quot;:&quot;%&quot;,&quot;size&quot;:&quot;&quot;,&quot;sizes&quot;:{&quot;start&quot;:0,&quot;end&quot;:100}},&quot;background_motion_fx_devices&quot;:[&quot;desktop&quot;,&quot;tablet&quot;,&quot;mobile&quot;]}\">\n\t\t\t\t<div class=\"elementor-element elementor-element-8b26430 elementor-widget elementor-widget-heading\" data-id=\"8b26430\" data-element_type=\"widget\" data-widget_type=\"heading.default\">\n\t\t\t\t\t<h1 class=\"elementor-heading-title elementor-size-default\">Clinique Gongfu Montr\u00e9al<\/h1>\t\t\t\t<\/div>\n\t\t\t\t<\/div>\n\t\t<div class=\"elementor-element elementor-element-b5689c9 e-flex e-con-boxed e-con e-parent\" data-id=\"b5689c9\" data-element_type=\"container\" data-settings=\"{&quot;background_background&quot;:&quot;classic&quot;}\">\n\t\t\t\t\t<div class=\"e-con-inner\">\n\t\t<div class=\"elementor-element elementor-element-a9d17d7 e-con-full e-flex e-con e-child\" data-id=\"a9d17d7\" data-element_type=\"container\">\n\t\t\t\t<\/div>\n\t\t<div class=\"elementor-element elementor-element-5c9f38f e-con-full e-flex e-con e-child\" data-id=\"5c9f38f\" data-element_type=\"container\">\n\t\t\t\t<div class=\"elementor-element elementor-element-236e1ee elementor-widget__width-initial elementor-widget elementor-widget-heading\" data-id=\"236e1ee\" data-element_type=\"widget\" data-widget_type=\"heading.default\">\n\t\t\t\t\t<h1 class=\"elementor-heading-title elementor-size-default\">Your Chinese Medicine clinic in Rosemont<\/h1>\t\t\t\t<\/div>\n\t\t\t\t<div class=\"elementor-element elementor-element-8f910d5 elementor-align-center elementor-widget elementor-widget-button\" data-id=\"8f910d5\" data-element_type=\"widget\" data-widget_type=\"button.default\">\n\t\t\t\t\t\t\t\t\t\t<a class=\"elementor-button elementor-button-link elementor-size-sm\" href=\"https:\/\/www.gorendezvous.com\/montrealgongfu\" target=\"_blank\">\n\t\t\t\t\t\t<span class=\"elementor-button-content-wrapper\">\n\t\t\t\t\t\t\t\t\t<span class=\"elementor-button-text\">Book an Appointment<\/span>\n\t\t\t\t\t<\/span>\n\t\t\t\t\t<\/a>\n\t\t\t\t\t\t\t\t<\/div>\n\t\t\t\t<\/div>\n\t\t<div class=\"elementor-element elementor-element-f498b10 e-con-full e-flex e-con e-child\" data-id=\"f498b10\" data-element_type=\"container\">\n\t\t\t\t<\/div>\n\t\t\t\t\t<\/div>\n\t\t\t\t<\/div>\n\t\t<div class=\"elementor-element elementor-element-1eb7cec e-con-full e-flex e-con e-parent\" data-id=\"1eb7cec\" data-element_type=\"container\" data-settings=\"{&quot;background_background&quot;:&quot;classic&quot;}\">\n\t\t<div class=\"elementor-element elementor-element-b72f147 e-con-full e-flex e-con e-child\" data-id=\"b72f147\" data-element_type=\"container\" data-settings=\"{&quot;background_background&quot;:&quot;classic&quot;}\">\n\t\t\t\t<div class=\"elementor-element elementor-element-0644289 elementor-widget elementor-widget-heading\" data-id=\"0644289\" data-element_type=\"widget\" data-widget_type=\"heading.default\">\n\t\t\t\t\t<h3 class=\"elementor-heading-title elementor-size-default\">Acupuncture<\/h3>\t\t\t\t<\/div>\n\t\t\t\t<div class=\"elementor-element elementor-element-5abc1a0 elementor-widget elementor-widget-text-editor\" data-id=\"5abc1a0\" data-element_type=\"widget\" data-widget_type=\"text-editor.default\">\n\t\t\t\t\t\t\t\t\t<p><em data-start=\"193\" data-end=\"358\">Acupuncture uses fine, sterile needles to create targeted therapeutic interventions that support the body\u2019s natural capacity to heal in order to restore balance, reduce pain, and promote overall physical and emotional well-being.<\/em><\/p>\t\t\t\t\t\t\t\t<\/div>\n\t\t\t\t<\/div>\n\t\t<div class=\"elementor-element elementor-element-bcb59b0 e-con-full e-flex e-con e-child\" data-id=\"bcb59b0\" data-element_type=\"container\" data-settings=\"{&quot;background_background&quot;:&quot;classic&quot;}\">\n\t\t\t\t<div class=\"elementor-element elementor-element-cf38dbb elementor-widget elementor-widget-heading\" data-id=\"cf38dbb\" data-element_type=\"widget\" data-widget_type=\"heading.default\">\n\t\t\t\t\t<h3 class=\"elementor-heading-title elementor-size-default\">Tuina<\/h3>\t\t\t\t<\/div>\n\t\t\t\t<div class=\"elementor-element elementor-element-964d556 elementor-widget elementor-widget-text-editor\" data-id=\"964d556\" data-element_type=\"widget\" data-widget_type=\"text-editor.default\">\n\t\t\t\t\t\t\t\t\t<p><em data-start=\"193\" data-end=\"358\">Tuina is a manual therapy rooted in Traditional Chinese Medicine. Using a structural and energetic approach, it addresses chronic and acute pain, muscular tension, and postural imbalances.<\/em><\/p>\t\t\t\t\t\t\t\t<\/div>\n\t\t\t\t<\/div>\n\t\t<div class=\"elementor-element elementor-element-4facfa3 e-con-full e-flex e-con e-child\" data-id=\"4facfa3\" data-element_type=\"container\" data-settings=\"{&quot;background_background&quot;:&quot;classic&quot;}\">\n\t\t\t\t<div class=\"elementor-element elementor-element-a919236 elementor-widget elementor-widget-heading\" data-id=\"a919236\" data-element_type=\"widget\" data-widget_type=\"heading.default\">\n\t\t\t\t\t<h3 class=\"elementor-heading-title elementor-size-default\">Moxibustion<\/h3>\t\t\t\t<\/div>\n\t\t\t\t<div class=\"elementor-element elementor-element-8846266 elementor-widget elementor-widget-text-editor\" data-id=\"8846266\" data-element_type=\"widget\" data-widget_type=\"text-editor.default\">\n\t\t\t\t\t\t\t\t\t<p><em>Moxibustion is a non-invasive heat therapy that involves the application of targeted warmth using moxa on specific areas identified through palpation.\u00a0<\/em><\/p>\t\t\t\t\t\t\t\t<\/div>\n\t\t\t\t<\/div>\n\t\t<div class=\"elementor-element elementor-element-0fe60ec e-con-full e-flex e-con e-child\" data-id=\"0fe60ec\" data-element_type=\"container\" data-settings=\"{&quot;background_background&quot;:&quot;classic&quot;}\">\n\t\t\t\t<div class=\"elementor-element elementor-element-e016958 elementor-widget elementor-widget-heading\" data-id=\"e016958\" data-element_type=\"widget\" data-widget_type=\"heading.default\">\n\t\t\t\t\t<h3 class=\"elementor-heading-title elementor-size-default\">Herbology<\/h3>\t\t\t\t<\/div>\n\t\t\t\t<div class=\"elementor-element elementor-element-cc1f222 elementor-widget elementor-widget-text-editor\" data-id=\"cc1f222\" data-element_type=\"widget\" data-widget_type=\"text-editor.default\">\n\t\t\t\t\t\t\t\t\t<p><em>Chinese herbal medicine uses classical and modern formulas designed to correct internal imbalances. It supports the body\u2019s natural functions, enhances vitality, and addresses a wide range of health concerns.<\/em><\/p>\t\t\t\t\t\t\t\t<\/div>\n\t\t\t\t<\/div>\n\t\t<div class=\"elementor-element elementor-element-a50757d e-con-full e-flex e-con e-child\" data-id=\"a50757d\" data-element_type=\"container\" data-settings=\"{&quot;background_background&quot;:&quot;classic&quot;}\">\n\t\t\t\t<div class=\"elementor-element elementor-element-fa07f8f elementor-widget elementor-widget-heading\" data-id=\"fa07f8f\" data-element_type=\"widget\" data-widget_type=\"heading.default\">\n\t\t\t\t\t<h3 class=\"elementor-heading-title elementor-size-default\">Private Training<\/h3>\t\t\t\t<\/div>\n\t\t\t\t<div class=\"elementor-element elementor-element-c644eab elementor-widget elementor-widget-text-editor\" data-id=\"c644eab\" data-element_type=\"widget\" data-widget_type=\"text-editor.default\">\n\t\t\t\t\t\t\t\t\t<p><em data-start=\"381\" data-end=\"568\">For patients wishing to support their healing process at home, we offer private and group sessions focused on qigong and therapeutic gongfu.<\/em><\/p>\t\t\t\t\t\t\t\t<\/div>\n\t\t\t\t<\/div>\n\t\t<div class=\"elementor-element elementor-element-1c36b49 e-con-full e-flex e-con e-child\" data-id=\"1c36b49\" data-element_type=\"container\" data-settings=\"{&quot;background_background&quot;:&quot;classic&quot;}\">\n\t\t\t\t<div class=\"elementor-element elementor-element-2e5c5af elementor-widget elementor-widget-heading\" data-id=\"2e5c5af\" data-element_type=\"widget\" data-widget_type=\"heading.default\">\n\t\t\t\t\t<h3 class=\"elementor-heading-title elementor-size-default\">Workshops and Trainings<\/h3>\t\t\t\t<\/div>\n\t\t\t\t<div class=\"elementor-element elementor-element-bce8862 elementor-widget elementor-widget-text-editor\" data-id=\"bce8862\" data-element_type=\"widget\" data-widget_type=\"text-editor.default\">\n\t\t\t\t\t\t\t\t\t<p><em>La Clinique Gongfu is affiliated with the Montreal Gongfu Research Centre, a traditional martial arts school offering classes in neigong, gongfu, and taiji and specialized training in tuina and Chinese medicine.<\/em><\/p>\t\t\t\t\t\t\t\t<\/div>\n\t\t\t\t<\/div>\n\t\t\t\t<\/div>\n\t\t<div class=\"elementor-element elementor-element-6ec2377 e-flex e-con-boxed e-con e-parent\" data-id=\"6ec2377\" data-element_type=\"container\">\n\t\t\t\t\t<div class=\"e-con-inner\">\n\t\t<div class=\"elementor-element elementor-element-d8a2015 e-con-full e-flex e-con e-child\" data-id=\"d8a2015\" data-element_type=\"container\">\n\t\t\t\t<div class=\"elementor-element elementor-element-2f33588 elementor-widget elementor-widget-image\" data-id=\"2f33588\" data-element_type=\"widget\" data-widget_type=\"image.default\">\n\t\t\t\t\t\t\t\t\t\t\t\t\t\t\t<img fetchpriority=\"high\" decoding=\"async\" width=\"800\" height=\"534\" src=\"https:\/\/www.montrealtuina.ca\/wp-content\/uploads\/2026\/01\/Centre-recherche-Gongfu-ABilodeau-8-1024x684.jpg\" class=\"attachment-large size-large wp-image-109\" alt=\"\" srcset=\"https:\/\/www.montrealtuina.ca\/wp-content\/uploads\/2026\/01\/Centre-recherche-Gongfu-ABilodeau-8-1024x684.jpg 1024w, https:\/\/www.montrealtuina.ca\/wp-content\/uploads\/2026\/01\/Centre-recherche-Gongfu-ABilodeau-8-300x200.jpg 300w, https:\/\/www.montrealtuina.ca\/wp-content\/uploads\/2026\/01\/Centre-recherche-Gongfu-ABilodeau-8-768x513.jpg 768w, https:\/\/www.montrealtuina.ca\/wp-content\/uploads\/2026\/01\/Centre-recherche-Gongfu-ABilodeau-8-1536x1025.jpg 1536w, https:\/\/www.montrealtuina.ca\/wp-content\/uploads\/2026\/01\/Centre-recherche-Gongfu-ABilodeau-8.jpg 2000w\" sizes=\"(max-width: 800px) 100vw, 800px\" \/>\t\t\t\t\t\t\t\t\t\t\t\t\t\t\t<\/div>\n\t\t\t\t<\/div>\n\t\t<div class=\"elementor-element elementor-element-9e662ab e-con-full e-flex e-con e-child\" data-id=\"9e662ab\" data-element_type=\"container\">\n\t\t\t\t<div class=\"elementor-element elementor-element-924293a elementor-widget elementor-widget-image\" data-id=\"924293a\" data-element_type=\"widget\" data-widget_type=\"image.default\">\n\t\t\t\t\t\t\t\t\t\t\t\t\t\t\t<img decoding=\"async\" width=\"800\" height=\"534\" src=\"https:\/\/www.montrealtuina.ca\/wp-content\/uploads\/2026\/01\/Centre-recherche-Gongfu-ABilodeau-13-1024x684.jpg\" class=\"attachment-large size-large wp-image-114\" alt=\"\" srcset=\"https:\/\/www.montrealtuina.ca\/wp-content\/uploads\/2026\/01\/Centre-recherche-Gongfu-ABilodeau-13-1024x684.jpg 1024w, https:\/\/www.montrealtuina.ca\/wp-content\/uploads\/2026\/01\/Centre-recherche-Gongfu-ABilodeau-13-300x200.jpg 300w, https:\/\/www.montrealtuina.ca\/wp-content\/uploads\/2026\/01\/Centre-recherche-Gongfu-ABilodeau-13-768x513.jpg 768w, https:\/\/www.montrealtuina.ca\/wp-content\/uploads\/2026\/01\/Centre-recherche-Gongfu-ABilodeau-13-1536x1025.jpg 1536w, https:\/\/www.montrealtuina.ca\/wp-content\/uploads\/2026\/01\/Centre-recherche-Gongfu-ABilodeau-13.jpg 2000w\" sizes=\"(max-width: 800px) 100vw, 800px\" \/>\t\t\t\t\t\t\t\t\t\t\t\t\t\t\t<\/div>\n\t\t\t\t<\/div>\n\t\t<div class=\"elementor-element elementor-element-5770c09 e-con-full e-flex e-con e-child\" data-id=\"5770c09\" data-element_type=\"container\">\n\t\t\t\t<div class=\"elementor-element elementor-element-1b7a6b4 elementor-widget elementor-widget-image\" data-id=\"1b7a6b4\" data-element_type=\"widget\" data-widget_type=\"image.default\">\n\t\t\t\t\t\t\t\t\t\t\t\t\t\t\t<img decoding=\"async\" width=\"800\" height=\"534\" src=\"https:\/\/www.montrealtuina.ca\/wp-content\/uploads\/2026\/01\/Centre-recherche-Gongfu-ABilodeau-9-1024x684.jpg\" class=\"attachment-large size-large wp-image-110\" alt=\"\" srcset=\"https:\/\/www.montrealtuina.ca\/wp-content\/uploads\/2026\/01\/Centre-recherche-Gongfu-ABilodeau-9-1024x684.jpg 1024w, https:\/\/www.montrealtuina.ca\/wp-content\/uploads\/2026\/01\/Centre-recherche-Gongfu-ABilodeau-9-300x200.jpg 300w, https:\/\/www.montrealtuina.ca\/wp-content\/uploads\/2026\/01\/Centre-recherche-Gongfu-ABilodeau-9-768x513.jpg 768w, https:\/\/www.montrealtuina.ca\/wp-content\/uploads\/2026\/01\/Centre-recherche-Gongfu-ABilodeau-9-1536x1025.jpg 1536w, https:\/\/www.montrealtuina.ca\/wp-content\/uploads\/2026\/01\/Centre-recherche-Gongfu-ABilodeau-9.jpg 2000w\" sizes=\"(max-width: 800px) 100vw, 800px\" \/>\t\t\t\t\t\t\t\t\t\t\t\t\t\t\t<\/div>\n\t\t\t\t<\/div>\n\t\t<div class=\"elementor-element elementor-element-1c568bc e-con-full e-flex e-con e-child\" data-id=\"1c568bc\" data-element_type=\"container\">\n\t\t\t\t<div class=\"elementor-element elementor-element-c0eda1f elementor-widget elementor-widget-image\" data-id=\"c0eda1f\" data-element_type=\"widget\" data-widget_type=\"image.default\">\n\t\t\t\t\t\t\t\t\t\t\t\t\t\t\t<img loading=\"lazy\" decoding=\"async\" width=\"800\" height=\"534\" src=\"https:\/\/www.montrealtuina.ca\/wp-content\/uploads\/2026\/01\/Centre-recherche-Gongfu-ABilodeau-5-1024x684.jpg\" class=\"attachment-large size-large wp-image-106\" alt=\"\" srcset=\"https:\/\/www.montrealtuina.ca\/wp-content\/uploads\/2026\/01\/Centre-recherche-Gongfu-ABilodeau-5-1024x684.jpg 1024w, https:\/\/www.montrealtuina.ca\/wp-content\/uploads\/2026\/01\/Centre-recherche-Gongfu-ABilodeau-5-300x200.jpg 300w, https:\/\/www.montrealtuina.ca\/wp-content\/uploads\/2026\/01\/Centre-recherche-Gongfu-ABilodeau-5-768x513.jpg 768w, https:\/\/www.montrealtuina.ca\/wp-content\/uploads\/2026\/01\/Centre-recherche-Gongfu-ABilodeau-5-1536x1025.jpg 1536w, https:\/\/www.montrealtuina.ca\/wp-content\/uploads\/2026\/01\/Centre-recherche-Gongfu-ABilodeau-5.jpg 2000w\" sizes=\"(max-width: 800px) 100vw, 800px\" \/>\t\t\t\t\t\t\t\t\t\t\t\t\t\t\t<\/div>\n\t\t\t\t<\/div>\n\t\t\t\t\t<\/div>\n\t\t\t\t<\/div>\n\t\t\t\t<\/div>","protected":false},"excerpt":{"rendered":"<p>Clinique Gongfu Montr\u00e9al Votre clinique de m\u00e9dicine chinoise \u00e0 Rosemont Prendre rendez-vous Acupuncture L\u2019acupuncture utilise des fines aiguilles pour effectuer des interventions cibl\u00e9es sur des enjeux de sant\u00e9 afin de vous ramener vers un \u00e9tat d\u2019\u00e9quilibre et de bien-\u00eatre. Tuina Le tuina est une th\u00e9rapie manuelle utilisant une approche structurelle afin de traiter les douleuers [&hellip;]<\/p>","protected":false},"author":1,"featured_media":0,"parent":0,"menu_order":0,"comment_status":"closed","ping_status":"closed","template":"","meta":{"footnotes":""},"class_list":["post-44","page","type-page","status-publish","hentry"],"aioseo_notices":[],"_links":{"self":[{"href":"https:\/\/www.montrealtuina.ca\/en\/wp-json\/wp\/v2\/pages\/44","targetHints":{"allow":["GET"]}}],"collection":[{"href":"https:\/\/www.montrealtuina.ca\/en\/wp-json\/wp\/v2\/pages"}],"about":[{"href":"https:\/\/www.montrealtuina.ca\/en\/wp-json\/wp\/v2\/types\/page"}],"author":[{"embeddable":true,"href":"https:\/\/www.montrealtuina.ca\/en\/wp-json\/wp\/v2\/users\/1"}],"replies":[{"embeddable":true,"href":"https:\/\/www.montrealtuina.ca\/en\/wp-json\/wp\/v2\/comments?post=44"}],"version-history":[{"count":10,"href":"https:\/\/www.montrealtuina.ca\/en\/wp-json\/wp\/v2\/pages\/44\/revisions"}],"predecessor-version":[{"id":438,"href":"https:\/\/www.montrealtuina.ca\/en\/wp-json\/wp\/v2\/pages\/44\/revisions\/438"}],"wp:attachment":[{"href":"https:\/\/www.montrealtuina.ca\/en\/wp-json\/wp\/v2\/media?parent=44"}],"curies":[{"name":"wp","href":"https:\/\/api.w.org\/{rel}","templated":true}]}}